{"id":9,"date":"2025-01-22T09:57:32","date_gmt":"2025-01-22T09:57:32","guid":{"rendered":"https:\/\/omega.webdev.is\/?page_id=9"},"modified":"2025-01-31T16:12:26","modified_gmt":"2025-01-31T16:12:26","slug":"omega","status":"publish","type":"page","link":"https:\/\/omega.webdev.is\/","title":{"rendered":"Omega"},"content":{"rendered":"<p>[et_pb_section fb_built=&#8221;1&#8243; _builder_version=&#8221;4.27.3&#8243; _module_preset=&#8221;default&#8221; global_colors_info=&#8221;{}&#8221;][et_pb_row _builder_version=&#8221;4.27.3&#8243; _module_preset=&#8221;default&#8221; width=&#8221;90%&#8221; max_width=&#8221;1600px&#8221; global_colors_info=&#8221;{}&#8221;][et_pb_column type=&#8221;4_4&#8243; _builder_version=&#8221;4.27.3&#8243; _module_preset=&#8221;default&#8221; global_colors_info=&#8221;{}&#8221;][et_pb_code _builder_version=&#8221;4.27.4&#8243; _module_preset=&#8221;default&#8221; global_colors_info=&#8221;{}&#8221;]<center><iframe src=\"https:\/\/player.castr.com\/live_1d411f00b7a411eda9b5d3bb4704377e\" width=\"100%\" style=\"aspect-ratio: 16\/9; min-height: 340px;\" frameborder=\"0\" scrolling=\"no\" allow=\"autoplay\" allowfullscreen  webkitallowfullscreen mozallowfullscreen oallowfullscreen msallowfullscreen><\/iframe><\/center>[\/et_pb_code][et_pb_code _builder_version=&#8221;4.27.4&#8243; _module_preset=&#8221;default&#8221; hover_enabled=&#8221;0&#8243; global_colors_info=&#8221;{}&#8221; sticky_enabled=&#8221;0&#8243;]<center><iframe loading=\"lazy\" src=\"https:\/\/www.facebook.com\/plugins\/page.php?href=https%3A%2F%2Fwww.facebook.com%2FOmegasjonvarp&#038;tabs=timeline&#038;width=500&#038;height=1000&#038;small_header=false&#038;adapt_container_width=true&#038;hide_cover=false&#038;show_facepile=true&#038;appId=1131033820692035\" width=\"500\" height=\"1000\" style=\"border:none;overflow:hidden\" scrolling=\"no\" frameborder=\"0\" allowfullscreen=\"true\" allow=\"autoplay; clipboard-write; encrypted-media; picture-in-picture; web-share\"><\/iframe><\/center>[\/et_pb_code][\/et_pb_column][\/et_pb_row][\/et_pb_section][et_pb_section fb_built=&#8221;1&#8243; custom_padding_last_edited=&#8221;on|phone&#8221; module_id=&#8221;stydja&#8221; _builder_version=&#8221;4.27.3&#8243; _module_preset=&#8221;default&#8221; background_color=&#8221;#004260&#8243; custom_padding=&#8221;3vw||3vw||true|false&#8221; custom_padding_tablet=&#8221;10vw||10vw||true|false&#8221; custom_padding_phone=&#8221;18vw||18vw||true|false&#8221; global_colors_info=&#8221;{}&#8221;][et_pb_row _builder_version=&#8221;4.27.3&#8243; _module_preset=&#8221;default&#8221; width=&#8221;90%&#8221; max_width=&#8221;1600px&#8221; global_colors_info=&#8221;{}&#8221;][et_pb_column type=&#8221;4_4&#8243; _builder_version=&#8221;4.27.3&#8243; _module_preset=&#8221;default&#8221; global_colors_info=&#8221;{}&#8221;][et_pb_text _builder_version=&#8221;4.27.4&#8243; _module_preset=&#8221;default&#8221; text_text_color=&#8221;#FFFFFF&#8221; text_font_size=&#8221;27px&#8221; text_line_height=&#8221;1.6em&#8221; link_text_color=&#8221;#FFFFFF&#8221; ul_line_height=&#8221;1.7em&#8221; header_2_text_color=&#8221;#FFFFFF&#8221; header_2_font_size=&#8221;50px&#8221; header_2_line_height=&#8221;1.7em&#8221; text_font_size_tablet=&#8221;25px&#8221; text_font_size_phone=&#8221;22px&#8221; text_font_size_last_edited=&#8221;on|phone&#8221; header_2_font_size_tablet=&#8221;40px&#8221; header_2_font_size_phone=&#8221;40px&#8221; header_2_font_size_last_edited=&#8221;on|phone&#8221; global_colors_info=&#8221;{}&#8221;]<\/p>\n<h2 style=\"text-align: center;\"><strong>Stu\u00f0ningur \u00feinn skiptir m\u00e1li!<\/strong><\/h2>\n<p style=\"text-align: center;\"><span class=\"auto-style8\">Aur: @Omega &#8211; Kt. 630890-1019\u00a0 Reikn. 0113-26-25707<\/span><br class=\"auto-style8\" \/><span class=\"auto-style8\">Netfang:<span>\u00a0<\/span><a href=\"mailto:contact@gospel.tv\"><span class=\"auto-style9\"><strong>contact@gospel.tv<\/strong><\/span><\/a><\/span><\/p>\n<p>[\/et_pb_text][\/et_pb_column][\/et_pb_row][\/et_pb_section][et_pb_section fb_built=&#8221;1&#8243; custom_padding_last_edited=&#8221;on|phone&#8221; module_id=&#8221;heima&#8221; _builder_version=&#8221;4.27.3&#8243; _module_preset=&#8221;default&#8221; background_color=&#8221;#eeeeee&#8221; custom_padding=&#8221;3vw||3vw||true|false&#8221; custom_padding_tablet=&#8221;10vw||10vw||true|false&#8221; custom_padding_phone=&#8221;18vw||18vw||true|false&#8221; global_colors_info=&#8221;{}&#8221;][et_pb_row column_structure=&#8221;1_2,1_2&#8243; _builder_version=&#8221;4.27.3&#8243; _module_preset=&#8221;default&#8221; width=&#8221;90%&#8221; max_width=&#8221;1600px&#8221; global_colors_info=&#8221;{}&#8221;][et_pb_column type=&#8221;1_2&#8243; _builder_version=&#8221;4.27.3&#8243; _module_preset=&#8221;default&#8221; global_colors_info=&#8221;{}&#8221;][et_pb_text _builder_version=&#8221;4.27.3&#8243; _module_preset=&#8221;default&#8221; text_text_color=&#8221;#333333&#8243; text_font_size=&#8221;19px&#8221; text_line_height=&#8221;1.6em&#8221; ul_line_height=&#8221;1.7em&#8221; header_2_line_height=&#8221;1.7em&#8221; global_colors_info=&#8221;{}&#8221;]<\/p>\n<h2><strong>Skr\u00e1\u00f0u \u00feig \u00ed Heimakirkjuna!<\/strong><\/h2>\n<p>Sj\u00f3nvarpsst\u00f6\u00f0in Omega hefur \u00ed \u00e1ratugi veri\u00f0 \u00f3metanlegt t\u00e6ki til a\u00f0 flytja bo\u00f0skap Jes\u00fa Krists um landi\u00f0 allt og \u00fat fyrir landsteinana. \u00de\u00fasundir hafa fengi\u00f0 innbl\u00e1stur, upp\u00f6rvun og andlega n\u00e6ringu \u00ed gegnum \u00feessa einst\u00f6ku \u00fej\u00f3nustu. En til \u00feess a\u00f0 halda \u00e1fram \u00feessu mikilv\u00e6ga starfi \u00feurfum vi\u00f0 \u00e1 stu\u00f0ningi \u00fe\u00ednum a\u00f0 halda.<\/p>\n<p><strong>Heimakirkja er stu\u00f0ningur \u00e1n \u00fatgjalda!<\/strong><\/p>\n<ul>\n<li>Heimakirkjan er tr\u00faf\u00e9lag l\u00edkt og \u00fej\u00f3\u00f0kirkjan sem \u00fe\u00fa getur skr\u00e1\u00f0 \u00feig \u00ed me\u00f0 rafr\u00e6num skilr\u00edkjum.<\/li>\n<li>Me\u00f0 \u00fev\u00ed a\u00f0 skr\u00e1 \u00feig \u00ed Heimakirkjuna ertu a\u00f0 sty\u00f0ja beint vi\u00f0 \u00fatbrei\u00f0slu fagna\u00f0arerindisins \u00e1 \u00cdslandi.<\/li>\n<li>\u00de\u00edn skr\u00e1ning hj\u00e1lpar okkur a\u00f0 halda \u00fati dagskr\u00e1rger\u00f0, \u00fatsendingum og t\u00e6knib\u00fana\u00f0i sem gerir okkur kleift a\u00f0 n\u00e1 til f\u00f3lks sem \u00fearf \u00e1 Gu\u00f0i a\u00f0 halda.<\/li>\n<\/ul>\n<p><strong>Hvernig skr\u00e1i \u00e9g mig?<\/strong><br \/>\u00dea\u00f0 er einfalt! Smelltu \u00e1 hnappinn h\u00e9r til hli\u00f0a sem lei\u00f0ir \u00feig inn \u00e1 <a href=\"http:\/\/www.island.is\">www.island.is<\/a> \u00fear sem \u00fe\u00fa me\u00f0 einf\u00f6ldum og flj\u00f3tlegum h\u00e6tti skr\u00e1ir \u00feig me\u00f0 rafr\u00e6num skilr\u00edkjum.<\/p>\n<p><strong>\u201eFari\u00f0 \u00fat um allan heim og pr\u00e9diki\u00f0 fagna\u00f0arerindi\u00f0\u201c (Mark\u00fas 16:15)<\/strong><\/p>\n<p>\u00cd dag getur \u00fe\u00fa lagt \u00feitt af m\u00f6rkum vi\u00f0 a\u00f0 sty\u00f0ja vi\u00f0 \u00fatbrei\u00f0slu fagna\u00f0arerindisins me\u00f0 \u00fev\u00ed einu a\u00f0 skr\u00e1 \u00feig \u00ed Heimakirkjuna.<\/p>\n<p>[\/et_pb_text][\/et_pb_column][et_pb_column type=&#8221;1_2&#8243; _builder_version=&#8221;4.27.3&#8243; _module_preset=&#8221;default&#8221; global_colors_info=&#8221;{}&#8221;][et_pb_image src=&#8221;https:\/\/omega.webdev.is\/wp-content\/uploads\/2025\/01\/island.jpg&#8221; title_text=&#8221;island&#8221; url=&#8221;https:\/\/island.is\/tru-eda-lifsskodunarfelog&#8221; url_new_window=&#8221;on&#8221; _builder_version=&#8221;4.27.3&#8243; _module_preset=&#8221;default&#8221; border_width_all=&#8221;2px&#8221; global_colors_info=&#8221;{}&#8221;][\/et_pb_image][et_pb_button button_url=&#8221;https:\/\/island.is\/tru-eda-lifsskodunarfelog&#8221; url_new_window=&#8221;on&#8221; button_text=&#8221;Smelltu h\u00e9r til a\u00f0 skr\u00e1 \u00feig \u00ed Heimakirkjuna &#8221; _builder_version=&#8221;4.27.3&#8243; _module_preset=&#8221;default&#8221; custom_button=&#8221;on&#8221; button_text_size=&#8221;25px&#8221; button_text_color=&#8221;#FFFFFF&#8221; button_bg_color=&#8221;#0061fe&#8221; button_border_radius=&#8221;10px&#8221; button_icon=&#8221;&#xf058;||fa||400&#8243; button_on_hover=&#8221;off&#8221; button_text_size_tablet=&#8221;20px&#8221; button_text_size_phone=&#8221;16px&#8221; button_text_size_last_edited=&#8221;on|desktop&#8221; custom_css_main_element=&#8221;width:100%;||text-align:center;&#8221; global_colors_info=&#8221;{}&#8221;][\/et_pb_button][\/et_pb_column][\/et_pb_row][\/et_pb_section]<\/p>\n","protected":false},"excerpt":{"rendered":"<p>Stu\u00f0ningur \u00feinn skiptir m\u00e1li! Aur: @Omega &#8211; Kt. 630890-1019\u00a0 Reikn. 0113-26-25707Netfang:\u00a0contact@gospel.tvSkr\u00e1\u00f0u \u00feig \u00ed Heimakirkjuna! Sj\u00f3nvarpsst\u00f6\u00f0in Omega hefur \u00ed \u00e1ratugi veri\u00f0 \u00f3metanlegt t\u00e6ki til a\u00f0 flytja bo\u00f0skap Jes\u00fa Krists um landi\u00f0 allt og \u00fat fyrir landsteinana. \u00de\u00fasundir hafa fengi\u00f0 innbl\u00e1stur, upp\u00f6rvun og andlega n\u00e6ringu \u00ed gegnum \u00feessa einst\u00f6ku \u00fej\u00f3nustu. En til \u00feess a\u00f0 halda \u00e1fram \u00feessu [&hellip;]<\/p>\n","protected":false},"author":1,"featured_media":0,"parent":0,"menu_order":0,"comment_status":"closed","ping_status":"closed","template":"","meta":{"_et_pb_use_builder":"on","_et_pb_old_content":"","_et_gb_content_width":"","footnotes":""},"class_list":["post-9","page","type-page","status-publish","hentry"],"_links":{"self":[{"href":"https:\/\/omega.webdev.is\/index.php\/wp-json\/wp\/v2\/pages\/9","targetHints":{"allow":["GET"]}}],"collection":[{"href":"https:\/\/omega.webdev.is\/index.php\/wp-json\/wp\/v2\/pages"}],"about":[{"href":"https:\/\/omega.webdev.is\/index.php\/wp-json\/wp\/v2\/types\/page"}],"author":[{"embeddable":true,"href":"https:\/\/omega.webdev.is\/index.php\/wp-json\/wp\/v2\/users\/1"}],"replies":[{"embeddable":true,"href":"https:\/\/omega.webdev.is\/index.php\/wp-json\/wp\/v2\/comments?post=9"}],"version-history":[{"count":11,"href":"https:\/\/omega.webdev.is\/index.php\/wp-json\/wp\/v2\/pages\/9\/revisions"}],"predecessor-version":[{"id":70,"href":"https:\/\/omega.webdev.is\/index.php\/wp-json\/wp\/v2\/pages\/9\/revisions\/70"}],"wp:attachment":[{"href":"https:\/\/omega.webdev.is\/index.php\/wp-json\/wp\/v2\/media?parent=9"}],"curies":[{"name":"wp","href":"https:\/\/api.w.org\/{rel}","templated":true}]}}